{"id":5231,"date":"2022-03-16T15:49:50","date_gmt":"2022-03-16T15:49:50","guid":{"rendered":"https:\/\/hotelagape.me\/organizacija-dogadaja\/"},"modified":"2022-04-20T13:21:25","modified_gmt":"2022-04-20T13:21:25","slug":"organizacija-dogadaja","status":"publish","type":"page","link":"https:\/\/hotelagape.me\/sr\/organizacija-dogadaja\/","title":{"rendered":"Organizacija doga\u0111aja"},"content":{"rendered":"\t\t<div data-elementor-type=\"wp-post\" data-elementor-id=\"5231\" class=\"elementor elementor-5231 elementor-4888\" data-elementor-settings=\"{&quot;ha_cmc_init_switcher&quot;:&quot;no&quot;}\">\n\t\t\t\t\t\t<section class=\"elementor-section elementor-top-section elementor-element elementor-element-1b4b211 elementor-section-stretched elementor-section-boxed elementor-section-height-default elementor-section-height-default\" data-id=\"1b4b211\" data-element_type=\"section\" data-e-type=\"section\" data-settings=\"{&quot;stretch_section&quot;:&quot;section-stretched&quot;,&quot;_ha_eqh_enable&quot;:false}\">\n\t\t\t\t\t\t<div class=\"elementor-container elementor-column-gap-default\">\n\t\t\t\t\t<div class=\"elementor-column elementor-col-100 elementor-top-column elementor-element elementor-element-1ac3e3c\" data-id=\"1ac3e3c\" data-element_type=\"column\" data-e-type=\"column\">\n\t\t\t<div class=\"elementor-widget-wrap elementor-element-populated\">\n\t\t\t\t\t\t<div class=\"elementor-element elementor-element-1d5abc3 elementor-widget elementor-widget-heading\" data-id=\"1d5abc3\" data-element_type=\"widget\" data-e-type=\"widget\" data-widget_type=\"heading.default\">\n\t\t\t\t<div class=\"elementor-widget-container\">\n\t\t\t\t\t<h2 class=\"elementor-heading-title elementor-size-default\">Organizacija doga\u0111aja<\/h2>\t\t\t\t<\/div>\n\t\t\t\t<\/div>\n\t\t\t\t<div class=\"elementor-element elementor-element-0ddda87 elementor-widget elementor-widget-image\" data-id=\"0ddda87\" data-element_type=\"widget\" data-e-type=\"widget\" data-widget_type=\"image.default\">\n\t\t\t\t<div class=\"elementor-widget-container\">\n\t\t\t\t\t\t\t\t\t\t\t\t\t\t\t<img decoding=\"async\" width=\"150\" height=\"150\" src=\"https:\/\/hotelagape.me\/wp-content\/uploads\/2022\/03\/champagne-150x150.png\" class=\"attachment-thumbnail size-thumbnail wp-image-5232\" alt=\"\" srcset=\"https:\/\/hotelagape.me\/wp-content\/uploads\/2022\/03\/champagne-150x150.png 150w, https:\/\/hotelagape.me\/wp-content\/uploads\/2022\/03\/champagne-300x300.png 300w, https:\/\/hotelagape.me\/wp-content\/uploads\/2022\/03\/champagne-100x100.png 100w, https:\/\/hotelagape.me\/wp-content\/uploads\/2022\/03\/champagne.png 512w\" sizes=\"(max-width: 150px) 100vw, 150px\" \/>\t\t\t\t\t\t\t\t\t\t\t\t\t\t\t<\/div>\n\t\t\t\t<\/div>\n\t\t\t\t\t<\/div>\n\t\t<\/div>\n\t\t\t\t\t<\/div>\n\t\t<\/section>\n\t\t\t\t<section class=\"elementor-section elementor-top-section elementor-element elementor-element-18b3b4d elementor-section-boxed elementor-section-height-default elementor-section-height-default\" data-id=\"18b3b4d\" data-element_type=\"section\" data-e-type=\"section\" data-settings=\"{&quot;_ha_eqh_enable&quot;:false}\">\n\t\t\t\t\t\t<div class=\"elementor-container elementor-column-gap-default\">\n\t\t\t\t\t<div class=\"elementor-column elementor-col-100 elementor-top-column elementor-element elementor-element-bb22f74\" data-id=\"bb22f74\" data-element_type=\"column\" data-e-type=\"column\">\n\t\t\t<div class=\"elementor-widget-wrap elementor-element-populated\">\n\t\t\t\t\t\t<div class=\"elementor-element elementor-element-830e2f3 elementor-widget elementor-widget-text-editor\" data-id=\"830e2f3\" data-element_type=\"widget\" data-e-type=\"widget\" data-widget_type=\"text-editor.default\">\n\t\t\t\t<div class=\"elementor-widget-container\">\n\t\t\t\t\t\t\t\t\t<p>Pored organizacije poslovnih sastanaka, na\u0161a sala za konferencije mo\u017ee biti pretvorena ujedinstven prostor za organizaciju privatnih dogadjaja.<br \/>Na\u0161a ponuda caffe pauza i set menija podsta\u0107i \u0107e energiju i ostaviti ni\u0161ta manje od pozitivnih utisaka.<\/p>\t\t\t\t\t\t\t\t<\/div>\n\t\t\t\t<\/div>\n\t\t\t\t\t<\/div>\n\t\t<\/div>\n\t\t\t\t\t<\/div>\n\t\t<\/section>\n\t\t\t\t<section class=\"elementor-section elementor-top-section elementor-element elementor-element-af332b1 elementor-hidden-mobile elementor-section-boxed elementor-section-height-default elementor-section-height-default\" data-id=\"af332b1\" data-element_type=\"section\" data-e-type=\"section\" data-settings=\"{&quot;_ha_eqh_enable&quot;:false}\">\n\t\t\t\t\t\t<div class=\"elementor-container elementor-column-gap-default\">\n\t\t\t\t\t<div class=\"elementor-column elementor-col-100 elementor-top-column elementor-element elementor-element-ba70dac\" data-id=\"ba70dac\" data-element_type=\"column\" data-e-type=\"column\">\n\t\t\t<div class=\"elementor-widget-wrap elementor-element-populated\">\n\t\t\t\t\t\t<div class=\"elementor-element elementor-element-3af81fa ha-column-alignment-left ha-column-alignment-center ha-column-icon-left ha-row-alignment-center ha-column-icon-right ha-row-alignment-left ha-row-icon-right ha-data-table-responsive-scroll-no elementor-widget elementor-widget-ha-data-table happy-addon ha-data-table\" data-id=\"3af81fa\" data-element_type=\"widget\" data-e-type=\"widget\" data-widget_type=\"ha-data-table.default\">\n\t\t\t\t<div class=\"elementor-widget-container\">\n\t\t\t\t\t\n\t\t<table class=\"ha-table\">\n\t\t\t<thead class=\"ha-table__head\">\n\t\t\t\t<tr class=\"ha-table__head-column\">\n\t\t\t\t\t\t\t\t\t\t\t<th class=\"ha-table__head-column-cell elementor-repeater-item-635d0b0\">\n\t\t\t\t\t\t\t<div class=\"ha-table__head-column-cell-wrap\">\n\t\t\t\t\t\t\t\t<div class=\"ha-table__head-column-cell-text\">Raspored sale<\/div>\n\t\t\t\t\t\t\t\t\t\n\t\t\t\t\t\t\t\t\t\t\t\t\t\t\t\t<\/div>\n\t\t\t\t\t\t<\/th>\n\t\t\t\t\t\t\t\t\t\t\t<th class=\"ha-table__head-column-cell elementor-repeater-item-68951e6\">\n\t\t\t\t\t\t\t<div class=\"ha-table__head-column-cell-wrap\">\n\t\t\t\t\t\t\t\t<div class=\"ha-table__head-column-cell-text\"><\/div>\n\t\t\t\t\t\t\t\t\t\n\t\t\t\t\t\t\t\t\t\t\t\t\t\t\t\t<\/div>\n\t\t\t\t\t\t<\/th>\n\t\t\t\t\t\t\t\t\t<\/tr>\n\t\t\t<\/thead>\n\n\t\t\t<tbody class=\"ha-table__body\">\n\t\t\t\t\t\t\t\t\t<tr class=\"ha-table__body-row\">\n\t\t\t\t\t\t\t\t\t\t\t\t\t\t<td class=\"ha-table__body-row-cell elementor-repeater-item-b7f67e9\">\n\t\t\t\t\t\t\t\t\t<div class=\"ha-table__body-row-cell-wrap\">\n\t\t\t\t\t\t\t\t\t\t<div class=\"ha-table__body-row-cell-text\">\n\t\t\t\t\t\t\t\t\t\t\tT - Shape\t\t\t\t\t\t\t\t\t\t<\/div>\n\n\t\t\t\t\t\t\t\t\t\t\n\t\t\t\t\t\t\t\t\t\t\t\t\t\t\t\t\t\t\t<\/div>\n\t\t\t\t\t\t\t\t<\/td>\n\t\t\t\t\t\t\t\t\t\t\t\t\t\t\t<td class=\"ha-table__body-row-cell elementor-repeater-item-f68490f\">\n\t\t\t\t\t\t\t\t\t<div class=\"ha-table__body-row-cell-wrap\">\n\t\t\t\t\t\t\t\t\t\t<div class=\"ha-table__body-row-cell-text\">\n\t\t\t\t\t\t\t\t\t\t\t12pax+4pax\t\t\t\t\t\t\t\t\t\t<\/div>\n\n\t\t\t\t\t\t\t\t\t\t\n\t\t\t\t\t\t\t\t\t\t\t\t\t\t\t\t\t\t\t<\/div>\n\t\t\t\t\t\t\t\t<\/td>\n\t\t\t\t\t\t\t\t\t\t\t\t<\/tr>\n\t\t\t\t\t\t\t\t\t<tr class=\"ha-table__body-row\">\n\t\t\t\t\t\t\t\t\t\t\t\t\t\t<td class=\"ha-table__body-row-cell elementor-repeater-item-831971f\">\n\t\t\t\t\t\t\t\t\t<div class=\"ha-table__body-row-cell-wrap\">\n\t\t\t\t\t\t\t\t\t\t<div class=\"ha-table__body-row-cell-text\">\n\t\t\t\t\t\t\t\t\t\t\tO - Shape\t\t\t\t\t\t\t\t\t\t<\/div>\n\n\t\t\t\t\t\t\t\t\t\t\n\t\t\t\t\t\t\t\t\t\t\t\t\t\t\t\t\t\t\t<\/div>\n\t\t\t\t\t\t\t\t<\/td>\n\t\t\t\t\t\t\t\t\t\t\t\t\t\t\t<td class=\"ha-table__body-row-cell elementor-repeater-item-42ea97f\">\n\t\t\t\t\t\t\t\t\t<div class=\"ha-table__body-row-cell-wrap\">\n\t\t\t\t\t\t\t\t\t\t<div class=\"ha-table__body-row-cell-text\">\n\t\t\t\t\t\t\t\t\t\t\t16pax\t\t\t\t\t\t\t\t\t\t<\/div>\n\n\t\t\t\t\t\t\t\t\t\t\n\t\t\t\t\t\t\t\t\t\t\t\t\t\t\t\t\t\t\t<\/div>\n\t\t\t\t\t\t\t\t<\/td>\n\t\t\t\t\t\t\t\t\t\t\t\t<\/tr>\n\t\t\t\t\t\t\t\t\t<tr class=\"ha-table__body-row\">\n\t\t\t\t\t\t\t\t\t\t\t\t\t\t<td class=\"ha-table__body-row-cell elementor-repeater-item-d62af64\">\n\t\t\t\t\t\t\t\t\t<div class=\"ha-table__body-row-cell-wrap\">\n\t\t\t\t\t\t\t\t\t\t<div class=\"ha-table__body-row-cell-text\">\n\t\t\t\t\t\t\t\t\t\t\tU - Shape\t\t\t\t\t\t\t\t\t\t<\/div>\n\n\t\t\t\t\t\t\t\t\t\t\n\t\t\t\t\t\t\t\t\t\t\t\t\t\t\t\t\t\t\t<\/div>\n\t\t\t\t\t\t\t\t<\/td>\n\t\t\t\t\t\t\t\t\t\t\t\t\t\t\t<td class=\"ha-table__body-row-cell elementor-repeater-item-79dbe1f\">\n\t\t\t\t\t\t\t\t\t<div class=\"ha-table__body-row-cell-wrap\">\n\t\t\t\t\t\t\t\t\t\t<div class=\"ha-table__body-row-cell-text\">\n\t\t\t\t\t\t\t\t\t\t\t19pax+4pax\t\t\t\t\t\t\t\t\t\t<\/div>\n\n\t\t\t\t\t\t\t\t\t\t\n\t\t\t\t\t\t\t\t\t\t\t\t\t\t\t\t\t\t\t<\/div>\n\t\t\t\t\t\t\t\t<\/td>\n\t\t\t\t\t\t\t\t\t\t\t\t<\/tr>\n\t\t\t\t\t\t\t\t\t<tr class=\"ha-table__body-row\">\n\t\t\t\t\t\t\t\t\t\t\t\t\t\t<td class=\"ha-table__body-row-cell elementor-repeater-item-c2e3701\">\n\t\t\t\t\t\t\t\t\t<div class=\"ha-table__body-row-cell-wrap\">\n\t\t\t\t\t\t\t\t\t\t<div class=\"ha-table__body-row-cell-text\">\n\t\t\t\t\t\t\t\t\t\t\tBanquet Shape\t\t\t\t\t\t\t\t\t\t<\/div>\n\n\t\t\t\t\t\t\t\t\t\t\n\t\t\t\t\t\t\t\t\t\t\t\t\t\t\t\t\t\t\t<\/div>\n\t\t\t\t\t\t\t\t<\/td>\n\t\t\t\t\t\t\t\t\t\t\t\t\t\t\t<td class=\"ha-table__body-row-cell elementor-repeater-item-6435a22\">\n\t\t\t\t\t\t\t\t\t<div class=\"ha-table__body-row-cell-wrap\">\n\t\t\t\t\t\t\t\t\t\t<div class=\"ha-table__body-row-cell-text\">\n\t\t\t\t\t\t\t\t\t\t\t24pax\t\t\t\t\t\t\t\t\t\t<\/div>\n\n\t\t\t\t\t\t\t\t\t\t\n\t\t\t\t\t\t\t\t\t\t\t\t\t\t\t\t\t\t\t<\/div>\n\t\t\t\t\t\t\t\t<\/td>\n\t\t\t\t\t\t\t\t\t\t\t\t<\/tr>\n\t\t\t\t\t\t\t\t\t<tr class=\"ha-table__body-row\">\n\t\t\t\t\t\t\t\t\t\t\t\t\t\t<td class=\"ha-table__body-row-cell elementor-repeater-item-5f7c2af\">\n\t\t\t\t\t\t\t\t\t<div class=\"ha-table__body-row-cell-wrap\">\n\t\t\t\t\t\t\t\t\t\t<div class=\"ha-table__body-row-cell-text\">\n\t\t\t\t\t\t\t\t\t\t\tThearer Shape\t\t\t\t\t\t\t\t\t\t<\/div>\n\n\t\t\t\t\t\t\t\t\t\t\n\t\t\t\t\t\t\t\t\t\t\t\t\t\t\t\t\t\t\t<\/div>\n\t\t\t\t\t\t\t\t<\/td>\n\t\t\t\t\t\t\t\t\t\t\t\t\t\t\t<td class=\"ha-table__body-row-cell elementor-repeater-item-c564ce1\">\n\t\t\t\t\t\t\t\t\t<div class=\"ha-table__body-row-cell-wrap\">\n\t\t\t\t\t\t\t\t\t\t<div class=\"ha-table__body-row-cell-text\">\n\t\t\t\t\t\t\t\t\t\t\t24pax+4pax\t\t\t\t\t\t\t\t\t\t<\/div>\n\n\t\t\t\t\t\t\t\t\t\t\n\t\t\t\t\t\t\t\t\t\t\t\t\t\t\t\t\t\t\t<\/div>\n\t\t\t\t\t\t\t\t<\/td>\n\t\t\t\t\t\t\t\t\t\t\t\t<\/tr>\n\t\t\t\t\t\t\t\t\t<tr class=\"ha-table__body-row\">\n\t\t\t\t\t\t\t\t\t\t\t\t\t\t<td class=\"ha-table__body-row-cell elementor-repeater-item-a0911be\">\n\t\t\t\t\t\t\t\t\t<div class=\"ha-table__body-row-cell-wrap\">\n\t\t\t\t\t\t\t\t\t\t<div class=\"ha-table__body-row-cell-text\">\n\t\t\t\t\t\t\t\t\t\t\tClass-1 Shape\t\t\t\t\t\t\t\t\t\t<\/div>\n\n\t\t\t\t\t\t\t\t\t\t\n\t\t\t\t\t\t\t\t\t\t\t\t\t\t\t\t\t\t\t<\/div>\n\t\t\t\t\t\t\t\t<\/td>\n\t\t\t\t\t\t\t\t\t\t\t\t\t\t\t<td class=\"ha-table__body-row-cell elementor-repeater-item-3b64175\">\n\t\t\t\t\t\t\t\t\t<div class=\"ha-table__body-row-cell-wrap\">\n\t\t\t\t\t\t\t\t\t\t<div class=\"ha-table__body-row-cell-text\">\n\t\t\t\t\t\t\t\t\t\t\t20pax+4pax\t\t\t\t\t\t\t\t\t\t<\/div>\n\n\t\t\t\t\t\t\t\t\t\t\n\t\t\t\t\t\t\t\t\t\t\t\t\t\t\t\t\t\t\t<\/div>\n\t\t\t\t\t\t\t\t<\/td>\n\t\t\t\t\t\t\t\t\t\t\t\t<\/tr>\n\t\t\t\t\t\t\t\t\t<tr class=\"ha-table__body-row\">\n\t\t\t\t\t\t\t\t\t\t\t\t\t\t<td class=\"ha-table__body-row-cell elementor-repeater-item-0421b6d\">\n\t\t\t\t\t\t\t\t\t<div class=\"ha-table__body-row-cell-wrap\">\n\t\t\t\t\t\t\t\t\t\t<div class=\"ha-table__body-row-cell-text\">\n\t\t\t\t\t\t\t\t\t\t\tClass-2 Shape\t\t\t\t\t\t\t\t\t\t<\/div>\n\n\t\t\t\t\t\t\t\t\t\t\n\t\t\t\t\t\t\t\t\t\t\t\t\t\t\t\t\t\t\t<\/div>\n\t\t\t\t\t\t\t\t<\/td>\n\t\t\t\t\t\t\t\t\t\t\t\t\t\t\t<td class=\"ha-table__body-row-cell elementor-repeater-item-3d667e3\">\n\t\t\t\t\t\t\t\t\t<div class=\"ha-table__body-row-cell-wrap\">\n\t\t\t\t\t\t\t\t\t\t<div class=\"ha-table__body-row-cell-text\">\n\t\t\t\t\t\t\t\t\t\t\t12pax+4pax\t\t\t\t\t\t\t\t\t\t<\/div>\n\n\t\t\t\t\t\t\t\t\t\t\n\t\t\t\t\t\t\t\t\t\t\t\t\t\t\t\t\t\t\t<\/div>\n\t\t\t\t\t\t\t\t<\/td>\n\t\t\t\t\t\t\t\t\t\t\t\t<\/tr>\n\t\t\t\t\t\t\t<\/tbody>\n\t\t<\/table>\n\n\t\t\t\t\t\t<\/div>\n\t\t\t\t<\/div>\n\t\t\t\t\t<\/div>\n\t\t<\/div>\n\t\t\t\t\t<\/div>\n\t\t<\/section>\n\t\t\t\t<section class=\"elementor-section elementor-top-section elementor-element elementor-element-b33b0d8 elementor-hidden-desktop elementor-hidden-tablet elementor-section-boxed elementor-section-height-default elementor-section-height-default\" data-id=\"b33b0d8\" data-element_type=\"section\" data-e-type=\"section\" data-settings=\"{&quot;_ha_eqh_enable&quot;:false}\">\n\t\t\t\t\t\t<div class=\"elementor-container elementor-column-gap-default\">\n\t\t\t\t\t<div class=\"elementor-column elementor-col-100 elementor-top-column elementor-element elementor-element-b03d0b7\" data-id=\"b03d0b7\" data-element_type=\"column\" data-e-type=\"column\">\n\t\t\t<div class=\"elementor-widget-wrap\">\n\t\t\t\t\t\t\t<\/div>\n\t\t<\/div>\n\t\t\t\t\t<\/div>\n\t\t<\/section>\n\t\t\t\t<section class=\"elementor-section elementor-top-section elementor-element elementor-element-3ca617d elementor-hidden-mobile elementor-section-boxed elementor-section-height-default elementor-section-height-default\" data-id=\"3ca617d\" data-element_type=\"section\" data-e-type=\"section\" data-settings=\"{&quot;_ha_eqh_enable&quot;:false}\">\n\t\t\t\t\t\t<div class=\"elementor-container elementor-column-gap-default\">\n\t\t\t\t\t<div class=\"elementor-column elementor-col-100 elementor-top-column elementor-element elementor-element-4ee62b3\" data-id=\"4ee62b3\" data-element_type=\"column\" data-e-type=\"column\">\n\t\t\t<div class=\"elementor-widget-wrap elementor-element-populated\">\n\t\t\t\t\t\t<div class=\"elementor-element elementor-element-cdd786a ha-image-grid--masonry elementor-widget elementor-widget-ha-image-grid happy-addon ha-image-grid\" data-id=\"cdd786a\" data-element_type=\"widget\" data-e-type=\"widget\" data-settings=\"{&quot;layout&quot;:&quot;masonry&quot;,&quot;enable_popup&quot;:&quot;yes&quot;}\" data-widget_type=\"ha-image-grid.default\">\n\t\t\t\t<div class=\"elementor-widget-container\">\n\t\t\t\t\t\n\t\t<div class=\"ha-image-grid__wrap hajs-isotope ha-lightbox--has\">\n\t\t\t\t\t\t\t\n\t\t\t\t<a href=\"#\" data-mfp-src=\"https:\/\/hotelagape.me\/wp-content\/uploads\/2022\/03\/shape.png\" class=\"ha-image-grid__item ha-js-lightbox __fltr-1\">\n\t\t\t\t\t<img fetchpriority=\"high\" decoding=\"async\" width=\"968\" height=\"216\" src=\"https:\/\/hotelagape.me\/wp-content\/uploads\/2022\/03\/shape.png\" class=\"elementor-animation-shrink\" alt=\"\" srcset=\"https:\/\/hotelagape.me\/wp-content\/uploads\/2022\/03\/shape.png 968w, https:\/\/hotelagape.me\/wp-content\/uploads\/2022\/03\/shape-300x67.png 300w, https:\/\/hotelagape.me\/wp-content\/uploads\/2022\/03\/shape-768x171.png 768w, https:\/\/hotelagape.me\/wp-content\/uploads\/2022\/03\/shape-600x134.png 600w\" sizes=\"(max-width: 968px) 100vw, 968px\" \/>\t\t\t\t<\/a>\n\t\t\t\t\t<\/div>\n\n\t\t\t\t\t\t<\/div>\n\t\t\t\t<\/div>\n\t\t\t\t\t<\/div>\n\t\t<\/div>\n\t\t\t\t\t<\/div>\n\t\t<\/section>\n\t\t\t\t<section class=\"elementor-section elementor-top-section elementor-element elementor-element-72520bd elementor-hidden-desktop elementor-hidden-tablet elementor-section-boxed elementor-section-height-default elementor-section-height-default\" data-id=\"72520bd\" data-element_type=\"section\" data-e-type=\"section\" data-settings=\"{&quot;_ha_eqh_enable&quot;:false}\">\n\t\t\t\t\t\t<div class=\"elementor-container elementor-column-gap-default\">\n\t\t\t\t\t<div class=\"elementor-column elementor-col-100 elementor-top-column elementor-element elementor-element-1e417b8\" data-id=\"1e417b8\" data-element_type=\"column\" data-e-type=\"column\">\n\t\t\t<div class=\"elementor-widget-wrap elementor-element-populated\">\n\t\t\t\t\t\t<div class=\"elementor-element elementor-element-b0269fb ha-image-grid--fitRows elementor-widget elementor-widget-ha-image-grid happy-addon ha-image-grid\" data-id=\"b0269fb\" data-element_type=\"widget\" data-e-type=\"widget\" data-settings=\"{&quot;layout&quot;:&quot;fitRows&quot;,&quot;enable_popup&quot;:&quot;yes&quot;}\" data-widget_type=\"ha-image-grid.default\">\n\t\t\t\t<div class=\"elementor-widget-container\">\n\t\t\t\t\t\n\t\t<div class=\"ha-image-grid__wrap hajs-isotope ha-lightbox--has\">\n\t\t\t\t\t\t\t\n\t\t\t\t<a href=\"#\" data-mfp-src=\"https:\/\/hotelagape.me\/wp-content\/uploads\/2022\/03\/shape.png\" class=\"ha-image-grid__item ha-js-lightbox __fltr-1\">\n\t\t\t\t\t<img fetchpriority=\"high\" decoding=\"async\" width=\"968\" height=\"216\" src=\"https:\/\/hotelagape.me\/wp-content\/uploads\/2022\/03\/shape.png\" class=\"elementor-animation-shrink\" alt=\"\" srcset=\"https:\/\/hotelagape.me\/wp-content\/uploads\/2022\/03\/shape.png 968w, https:\/\/hotelagape.me\/wp-content\/uploads\/2022\/03\/shape-300x67.png 300w, https:\/\/hotelagape.me\/wp-content\/uploads\/2022\/03\/shape-768x171.png 768w, https:\/\/hotelagape.me\/wp-content\/uploads\/2022\/03\/shape-600x134.png 600w\" sizes=\"(max-width: 968px) 100vw, 968px\" \/>\t\t\t\t<\/a>\n\t\t\t\t\t<\/div>\n\n\t\t\t\t\t\t<\/div>\n\t\t\t\t<\/div>\n\t\t\t\t\t<\/div>\n\t\t<\/div>\n\t\t\t\t\t<\/div>\n\t\t<\/section>\n\t\t\t\t<section class=\"elementor-section elementor-top-section elementor-element elementor-element-bac0e94 elementor-section-boxed elementor-section-height-default elementor-section-height-default\" data-id=\"bac0e94\" data-element_type=\"section\" data-e-type=\"section\" data-settings=\"{&quot;_ha_eqh_enable&quot;:false}\">\n\t\t\t\t\t\t<div class=\"elementor-container elementor-column-gap-default\">\n\t\t\t\t\t<div class=\"elementor-column elementor-col-100 elementor-top-column elementor-element elementor-element-a525476\" data-id=\"a525476\" data-element_type=\"column\" data-e-type=\"column\">\n\t\t\t<div class=\"elementor-widget-wrap elementor-element-populated\">\n\t\t\t\t\t\t<div class=\"elementor-element elementor-element-61688a1 elementor-widget elementor-widget-spacer\" data-id=\"61688a1\" data-element_type=\"widget\" data-e-type=\"widget\" data-widget_type=\"spacer.default\">\n\t\t\t\t<div class=\"elementor-widget-container\">\n\t\t\t\t\t\t\t<div class=\"elementor-spacer\">\n\t\t\t<div class=\"elementor-spacer-inner\"><\/div>\n\t\t<\/div>\n\t\t\t\t\t\t<\/div>\n\t\t\t\t<\/div>\n\t\t\t\t\t<\/div>\n\t\t<\/div>\n\t\t\t\t\t<\/div>\n\t\t<\/section>\n\t\t\t\t<\/div>\n\t\t","protected":false},"excerpt":{"rendered":"<p>\/*! elementor &#8211; v3.5.3 &#8211; 28-12-2021 *\/<br \/>\n.elementor-heading-title{padding:0;margin:0;line-height:1}.elementor-widget-heading .elementor-heading-title[class*=elementor-size-]>a{color:inherit;font-size:inherit;line-height:inherit}.elementor-widget-heading .elementor-heading-title.elementor-size-small{font-size:15px}.elementor-widget-heading .elementor-heading-title.elementor-size-medium{font-size:19px}.elementor-widget-heading .elementor-heading-title.elementor-size-large{font-size:29px}.elementor-widget-heading .elementor-heading-title.elementor-size-xl{font-size:39px}.elementor-widget-heading .elementor-heading-title.elementor-size-xxl{font-size:59px}<br \/>\nOrganizacija doga\u0111aja<br \/>\n\/*! elementor &#8211; v3.5.3 &#8211; 28-12-2021 *\/<br \/>\n.elementor-widget-image{text-align:center}.elementor-widget-image a{display:inline-block}.elementor-widget-image a img[src$=&#8221;.svg&#8221;]{width:48px}.elementor-widget-image img{vertical-align:middle;display:inline-block}<\/p>\n<p>Pored organizacije poslovnih sastanaka, na\u0161a sala za konferencije mo\u017ee biti pretvorena ujedinstven prostor za organizaciju privatnih dogadjaja.<br \/>\nNa\u0161a ponuda caffe pauza i set menija podsta\u0107i \u0107e <\/p>\n","protected":false},"author":2,"featured_media":0,"parent":0,"menu_order":0,"comment_status":"closed","ping_status":"closed","template":"","meta":{"footnotes":""},"class_list":["post-5231","page","type-page","status-publish","hentry"],"_links":{"self":[{"href":"https:\/\/hotelagape.me\/sr\/wp-json\/wp\/v2\/pages\/5231","targetHints":{"allow":["GET"]}}],"collection":[{"href":"https:\/\/hotelagape.me\/sr\/wp-json\/wp\/v2\/pages"}],"about":[{"href":"https:\/\/hotelagape.me\/sr\/wp-json\/wp\/v2\/types\/page"}],"author":[{"embeddable":true,"href":"https:\/\/hotelagape.me\/sr\/wp-json\/wp\/v2\/users\/2"}],"replies":[{"embeddable":true,"href":"https:\/\/hotelagape.me\/sr\/wp-json\/wp\/v2\/comments?post=5231"}],"version-history":[{"count":1,"href":"https:\/\/hotelagape.me\/sr\/wp-json\/wp\/v2\/pages\/5231\/revisions"}],"predecessor-version":[{"id":5233,"href":"https:\/\/hotelagape.me\/sr\/wp-json\/wp\/v2\/pages\/5231\/revisions\/5233"}],"wp:attachment":[{"href":"https:\/\/hotelagape.me\/sr\/wp-json\/wp\/v2\/media?parent=5231"}],"curies":[{"name":"wp","href":"https:\/\/api.w.org\/{rel}","templated":true}]}}