{"id":5235,"date":"2022-03-16T15:59:02","date_gmt":"2022-03-16T15:59:02","guid":{"rendered":"https:\/\/hotelagape.me\/teretana-i-sauna\/"},"modified":"2022-04-20T13:21:59","modified_gmt":"2022-04-20T13:21:59","slug":"teretana-i-sauna","status":"publish","type":"page","link":"https:\/\/hotelagape.me\/sr\/teretana-i-sauna\/","title":{"rendered":"Teretana i sauna"},"content":{"rendered":"\t\t<div data-elementor-type=\"wp-post\" data-elementor-id=\"5235\" class=\"elementor elementor-5235 elementor-4901\" data-elementor-settings=\"{&quot;ha_cmc_init_switcher&quot;:&quot;no&quot;}\">\n\t\t\t\t\t\t<section class=\"elementor-section elementor-top-section elementor-element elementor-element-1b4b211 elementor-section-stretched elementor-section-boxed elementor-section-height-default elementor-section-height-default\" data-id=\"1b4b211\" data-element_type=\"section\" data-e-type=\"section\" data-settings=\"{&quot;stretch_section&quot;:&quot;section-stretched&quot;,&quot;_ha_eqh_enable&quot;:false}\">\n\t\t\t\t\t\t<div class=\"elementor-container elementor-column-gap-default\">\n\t\t\t\t\t<div class=\"elementor-column elementor-col-100 elementor-top-column elementor-element elementor-element-1ac3e3c\" data-id=\"1ac3e3c\" data-element_type=\"column\" data-e-type=\"column\">\n\t\t\t<div class=\"elementor-widget-wrap elementor-element-populated\">\n\t\t\t\t\t\t<div class=\"elementor-element elementor-element-1d5abc3 elementor-widget elementor-widget-heading\" data-id=\"1d5abc3\" data-element_type=\"widget\" data-e-type=\"widget\" data-widget_type=\"heading.default\">\n\t\t\t\t<div class=\"elementor-widget-container\">\n\t\t\t\t\t<h2 class=\"elementor-heading-title elementor-size-default\">Teretana i sauna<\/h2>\t\t\t\t<\/div>\n\t\t\t\t<\/div>\n\t\t\t\t<div class=\"elementor-element elementor-element-0ddda87 elementor-widget elementor-widget-image\" data-id=\"0ddda87\" data-element_type=\"widget\" data-e-type=\"widget\" data-widget_type=\"image.default\">\n\t\t\t\t<div class=\"elementor-widget-container\">\n\t\t\t\t\t\t\t\t\t\t\t\t\t\t\t<img decoding=\"async\" width=\"150\" height=\"150\" src=\"https:\/\/hotelagape.me\/wp-content\/uploads\/2022\/03\/weights-150x150.png\" class=\"attachment-thumbnail size-thumbnail wp-image-5236\" alt=\"\" srcset=\"https:\/\/hotelagape.me\/wp-content\/uploads\/2022\/03\/weights-150x150.png 150w, https:\/\/hotelagape.me\/wp-content\/uploads\/2022\/03\/weights-300x300.png 300w, https:\/\/hotelagape.me\/wp-content\/uploads\/2022\/03\/weights-100x100.png 100w, https:\/\/hotelagape.me\/wp-content\/uploads\/2022\/03\/weights.png 512w\" sizes=\"(max-width: 150px) 100vw, 150px\" \/>\t\t\t\t\t\t\t\t\t\t\t\t\t\t\t<\/div>\n\t\t\t\t<\/div>\n\t\t\t\t\t<\/div>\n\t\t<\/div>\n\t\t\t\t\t<\/div>\n\t\t<\/section>\n\t\t\t\t<section class=\"elementor-section elementor-top-section elementor-element elementor-element-18b3b4d elementor-section-boxed elementor-section-height-default elementor-section-height-default\" data-id=\"18b3b4d\" data-element_type=\"section\" data-e-type=\"section\" data-settings=\"{&quot;_ha_eqh_enable&quot;:false}\">\n\t\t\t\t\t\t<div class=\"elementor-container elementor-column-gap-default\">\n\t\t\t\t\t<div class=\"elementor-column elementor-col-100 elementor-top-column elementor-element elementor-element-bb22f74\" data-id=\"bb22f74\" data-element_type=\"column\" data-e-type=\"column\">\n\t\t\t<div class=\"elementor-widget-wrap elementor-element-populated\">\n\t\t\t\t\t\t<div class=\"elementor-element elementor-element-830e2f3 elementor-widget elementor-widget-text-editor\" data-id=\"830e2f3\" data-element_type=\"widget\" data-e-type=\"widget\" data-widget_type=\"text-editor.default\">\n\t\t\t\t<div class=\"elementor-widget-container\">\n\t\t\t\t\t\t\t\t\tPriredite sebi ugodjaj u relax sobi i sauni, prije nego se prepustite opu\u0161taju\u0107oj masa\u017ei\nna\u0161ih terapeuta.\nNa vama je da izaberete jednu od masa\u017ea iz na\u0161e ponude.\n\nHotel raspola\u017ee malom teretanom pogodnom za cardio treninge i vje\u017ebe snage.\n\t\t\t\t\t\t\t\t<\/div>\n\t\t\t\t<\/div>\n\t\t\t\t\t<\/div>\n\t\t<\/div>\n\t\t\t\t\t<\/div>\n\t\t<\/section>\n\t\t\t\t<section class=\"elementor-section elementor-top-section elementor-element elementor-element-0cc254e elementor-section-boxed elementor-section-height-default elementor-section-height-default\" data-id=\"0cc254e\" data-element_type=\"section\" data-e-type=\"section\" data-settings=\"{&quot;_ha_eqh_enable&quot;:false}\">\n\t\t\t\t\t\t<div class=\"elementor-container elementor-column-gap-default\">\n\t\t\t\t\t<div class=\"elementor-column elementor-col-100 elementor-top-column elementor-element elementor-element-45d713f\" data-id=\"45d713f\" data-element_type=\"column\" data-e-type=\"column\">\n\t\t\t<div class=\"elementor-widget-wrap elementor-element-populated\">\n\t\t\t\t\t\t<div class=\"elementor-element elementor-element-01e2b9a elementor-skin-carousel elementor-arrows-yes elementor-pagination-type-bullets elementor-pagination-position-outside elementor-widget elementor-widget-media-carousel\" data-id=\"01e2b9a\" data-element_type=\"widget\" data-e-type=\"widget\" data-settings=\"{&quot;slides_per_view&quot;:&quot;3&quot;,&quot;speed&quot;:600,&quot;skin&quot;:&quot;carousel&quot;,&quot;effect&quot;:&quot;slide&quot;,&quot;show_arrows&quot;:&quot;yes&quot;,&quot;pagination&quot;:&quot;bullets&quot;,&quot;loop&quot;:&quot;yes&quot;,&quot;space_between&quot;:{&quot;unit&quot;:&quot;px&quot;,&quot;size&quot;:10,&quot;sizes&quot;:[]},&quot;space_between_tablet&quot;:{&quot;unit&quot;:&quot;px&quot;,&quot;size&quot;:10,&quot;sizes&quot;:[]},&quot;space_between_mobile&quot;:{&quot;unit&quot;:&quot;px&quot;,&quot;size&quot;:10,&quot;sizes&quot;:[]}}\" data-widget_type=\"media-carousel.default\">\n\t\t\t\t<div class=\"elementor-widget-container\">\n\t\t\t\t\t\t\t<div class=\"elementor-swiper\">\n\t\t\t<div class=\"elementor-main-swiper swiper-container\">\n\t\t\t\t<div class=\"swiper-wrapper\">\n\t\t\t\t\t\t\t\t\t\t\t<div class=\"swiper-slide\">\n\t\t\t\t\t\t\t<a href=\"https:\/\/hotelagape.me\/wp-content\/uploads\/2022\/03\/hotel-agape-bar-hotel-u-baru-204.jpg\" data-elementor-open-lightbox=\"yes\" data-elementor-lightbox-slideshow=\"01e2b9a\" data-e-action-hash=\"#elementor-action%3Aaction%3Dlightbox%26settings%3DeyJpZCI6NDkxMCwidXJsIjoiaHR0cHM6XC9cL2hvdGVsYWdhcGUubWVcL3dwLWNvbnRlbnRcL3VwbG9hZHNcLzIwMjJcLzAzXC9ob3RlbC1hZ2FwZS1iYXItaG90ZWwtdS1iYXJ1LTIwNC5qcGciLCJzbGlkZXNob3ciOiIwMWUyYjlhIn0%3D\">\t\t<div class=\"elementor-carousel-image\" style=\"background-image: url(https:\/\/hotelagape.me\/wp-content\/uploads\/2022\/03\/hotel-agape-bar-hotel-u-baru-204.jpg)\">\n\t\t\t\t\t<\/div>\n\t\t<\/a>\t\t\t\t\t\t<\/div>\n\t\t\t\t\t\t\t\t\t\t\t<div class=\"swiper-slide\">\n\t\t\t\t\t\t\t<a href=\"https:\/\/hotelagape.me\/wp-content\/uploads\/2022\/03\/hotel-agape-bar-hotel-u-baru-205.jpg\" data-elementor-open-lightbox=\"yes\" data-elementor-lightbox-slideshow=\"01e2b9a\" data-e-action-hash=\"#elementor-action%3Aaction%3Dlightbox%26settings%3DeyJpZCI6NDkxMSwidXJsIjoiaHR0cHM6XC9cL2hvdGVsYWdhcGUubWVcL3dwLWNvbnRlbnRcL3VwbG9hZHNcLzIwMjJcLzAzXC9ob3RlbC1hZ2FwZS1iYXItaG90ZWwtdS1iYXJ1LTIwNS5qcGciLCJzbGlkZXNob3ciOiIwMWUyYjlhIn0%3D\">\t\t<div class=\"elementor-carousel-image\" style=\"background-image: url(https:\/\/hotelagape.me\/wp-content\/uploads\/2022\/03\/hotel-agape-bar-hotel-u-baru-205.jpg)\">\n\t\t\t\t\t<\/div>\n\t\t<\/a>\t\t\t\t\t\t<\/div>\n\t\t\t\t\t\t\t\t\t\t\t<div class=\"swiper-slide\">\n\t\t\t\t\t\t\t<a href=\"https:\/\/hotelagape.me\/wp-content\/uploads\/2022\/03\/hotel-agape-bar-hotel-u-baru-206.jpg\" data-elementor-open-lightbox=\"yes\" data-elementor-lightbox-slideshow=\"01e2b9a\" data-e-action-hash=\"#elementor-action%3Aaction%3Dlightbox%26settings%3DeyJpZCI6NDkxMiwidXJsIjoiaHR0cHM6XC9cL2hvdGVsYWdhcGUubWVcL3dwLWNvbnRlbnRcL3VwbG9hZHNcLzIwMjJcLzAzXC9ob3RlbC1hZ2FwZS1iYXItaG90ZWwtdS1iYXJ1LTIwNi5qcGciLCJzbGlkZXNob3ciOiIwMWUyYjlhIn0%3D\">\t\t<div class=\"elementor-carousel-image\" style=\"background-image: url(https:\/\/hotelagape.me\/wp-content\/uploads\/2022\/03\/hotel-agape-bar-hotel-u-baru-206.jpg)\">\n\t\t\t\t\t<\/div>\n\t\t<\/a>\t\t\t\t\t\t<\/div>\n\t\t\t\t\t\t\t\t\t\t\t<div class=\"swiper-slide\">\n\t\t\t\t\t\t\t<a href=\"https:\/\/hotelagape.me\/wp-content\/uploads\/2022\/03\/hotel-agape-bar-hotel-u-baru-207.jpg\" data-elementor-open-lightbox=\"yes\" data-elementor-lightbox-slideshow=\"01e2b9a\" data-e-action-hash=\"#elementor-action%3Aaction%3Dlightbox%26settings%3DeyJpZCI6NDkxMywidXJsIjoiaHR0cHM6XC9cL2hvdGVsYWdhcGUubWVcL3dwLWNvbnRlbnRcL3VwbG9hZHNcLzIwMjJcLzAzXC9ob3RlbC1hZ2FwZS1iYXItaG90ZWwtdS1iYXJ1LTIwNy5qcGciLCJzbGlkZXNob3ciOiIwMWUyYjlhIn0%3D\">\t\t<div class=\"elementor-carousel-image\" style=\"background-image: url(https:\/\/hotelagape.me\/wp-content\/uploads\/2022\/03\/hotel-agape-bar-hotel-u-baru-207.jpg)\">\n\t\t\t\t\t<\/div>\n\t\t<\/a>\t\t\t\t\t\t<\/div>\n\t\t\t\t\t\t\t\t\t\t\t<div class=\"swiper-slide\">\n\t\t\t\t\t\t\t<a href=\"https:\/\/hotelagape.me\/wp-content\/uploads\/2022\/03\/hotel-agape-bar-hotel-u-baru-208.jpg\" data-elementor-open-lightbox=\"yes\" data-elementor-lightbox-slideshow=\"01e2b9a\" data-e-action-hash=\"#elementor-action%3Aaction%3Dlightbox%26settings%3DeyJpZCI6NDkwOCwidXJsIjoiaHR0cHM6XC9cL2hvdGVsYWdhcGUubWVcL3dwLWNvbnRlbnRcL3VwbG9hZHNcLzIwMjJcLzAzXC9ob3RlbC1hZ2FwZS1iYXItaG90ZWwtdS1iYXJ1LTIwOC5qcGciLCJzbGlkZXNob3ciOiIwMWUyYjlhIn0%3D\">\t\t<div class=\"elementor-carousel-image\" style=\"background-image: url(https:\/\/hotelagape.me\/wp-content\/uploads\/2022\/03\/hotel-agape-bar-hotel-u-baru-208.jpg)\">\n\t\t\t\t\t<\/div>\n\t\t<\/a>\t\t\t\t\t\t<\/div>\n\t\t\t\t\t\t\t\t\t\t\t<div class=\"swiper-slide\">\n\t\t\t\t\t\t\t<a href=\"https:\/\/hotelagape.me\/wp-content\/uploads\/2022\/03\/hotel-agape-bar-hotel-u-baru-211.jpg\" data-elementor-open-lightbox=\"yes\" data-elementor-lightbox-slideshow=\"01e2b9a\" data-e-action-hash=\"#elementor-action%3Aaction%3Dlightbox%26settings%3DeyJpZCI6NDkwOSwidXJsIjoiaHR0cHM6XC9cL2hvdGVsYWdhcGUubWVcL3dwLWNvbnRlbnRcL3VwbG9hZHNcLzIwMjJcLzAzXC9ob3RlbC1hZ2FwZS1iYXItaG90ZWwtdS1iYXJ1LTIxMS5qcGciLCJzbGlkZXNob3ciOiIwMWUyYjlhIn0%3D\">\t\t<div class=\"elementor-carousel-image\" style=\"background-image: url(https:\/\/hotelagape.me\/wp-content\/uploads\/2022\/03\/hotel-agape-bar-hotel-u-baru-211.jpg)\">\n\t\t\t\t\t<\/div>\n\t\t<\/a>\t\t\t\t\t\t<\/div>\n\t\t\t\t\t\t\t\t\t<\/div>\n\t\t\t\t\t\t\t\t\t\t\t\t\t\t\t<div class=\"swiper-pagination\"><\/div>\n\t\t\t\t\t\t\t\t\t\t\t\t\t\t\t\t<div class=\"elementor-swiper-button elementor-swiper-button-prev\">\n\t\t\t\t\t\t\t<i aria-hidden=\"true\" class=\"eicon-chevron-left\"><\/i>\t\t\t\t\t\t\t<span class=\"elementor-screen-only\">Previous<\/span>\n\t\t\t\t\t\t<\/div>\n\t\t\t\t\t\t<div class=\"elementor-swiper-button elementor-swiper-button-next\">\n\t\t\t\t\t\t\t<i aria-hidden=\"true\" class=\"eicon-chevron-right\"><\/i>\t\t\t\t\t\t\t<span class=\"elementor-screen-only\">Next<\/span>\n\t\t\t\t\t\t<\/div>\n\t\t\t\t\t\t\t\t\t\t\t\t<\/div>\n\t\t<\/div>\n\t\t\t\t\t\t<\/div>\n\t\t\t\t<\/div>\n\t\t\t\t\t<\/div>\n\t\t<\/div>\n\t\t\t\t\t<\/div>\n\t\t<\/section>\n\t\t\t\t<section class=\"elementor-section elementor-top-section elementor-element elementor-element-bac0e94 elementor-section-boxed elementor-section-height-default elementor-section-height-default\" data-id=\"bac0e94\" data-element_type=\"section\" data-e-type=\"section\" data-settings=\"{&quot;_ha_eqh_enable&quot;:false}\">\n\t\t\t\t\t\t<div class=\"elementor-container elementor-column-gap-default\">\n\t\t\t\t\t<div class=\"elementor-column elementor-col-100 elementor-top-column elementor-element elementor-element-a525476\" data-id=\"a525476\" data-element_type=\"column\" data-e-type=\"column\">\n\t\t\t<div class=\"elementor-widget-wrap elementor-element-populated\">\n\t\t\t\t\t\t<div class=\"elementor-element elementor-element-c14773d elementor-widget elementor-widget-text-editor\" data-id=\"c14773d\" data-element_type=\"widget\" data-e-type=\"widget\" data-widget_type=\"text-editor.default\">\n\t\t\t\t<div class=\"elementor-widget-container\">\n\t\t\t\t\t\t\t\t\t<p>Na raspolaganju gostima, uz doplatu, nudimo usluge teretane \u201eMornar\u201c koja je<br \/>opremljena najsavremenijim \u201e tehnogym\u201c spravama na povr\u0161ini od 500 m2, udaljena<br \/>od hotela 100 m.<\/p>\t\t\t\t\t\t\t\t<\/div>\n\t\t\t\t<\/div>\n\t\t\t\t\t<\/div>\n\t\t<\/div>\n\t\t\t\t\t<\/div>\n\t\t<\/section>\n\t\t\t\t<section class=\"elementor-section elementor-top-section elementor-element elementor-element-2de4ffa elementor-section-boxed elementor-section-height-default elementor-section-height-default\" data-id=\"2de4ffa\" data-element_type=\"section\" data-e-type=\"section\" data-settings=\"{&quot;_ha_eqh_enable&quot;:false}\">\n\t\t\t\t\t\t<div class=\"elementor-container elementor-column-gap-default\">\n\t\t\t\t\t<div class=\"elementor-column elementor-col-100 elementor-top-column elementor-element elementor-element-35f56ce\" data-id=\"35f56ce\" data-element_type=\"column\" data-e-type=\"column\">\n\t\t\t<div class=\"elementor-widget-wrap elementor-element-populated\">\n\t\t\t\t\t\t<section class=\"elementor-section elementor-inner-section elementor-element elementor-element-c6c74c5 elementor-section-boxed elementor-section-height-default elementor-section-height-default\" data-id=\"c6c74c5\" data-element_type=\"section\" data-e-type=\"section\" data-settings=\"{&quot;_ha_eqh_enable&quot;:&quot;yes&quot;,&quot;_ha_eqh_widget&quot;:[&quot;html5-video&quot;,&quot;image&quot;],&quot;_ha_eqh_to&quot;:&quot;widget&quot;,&quot;_ha_eqh_disable_on_tablet&quot;:&quot;no&quot;,&quot;_ha_eqh_disable_on_mobile&quot;:&quot;yes&quot;}\">\n\t\t\t\t\t\t<div class=\"elementor-container elementor-column-gap-no\">\n\t\t\t\t\t<div class=\"elementor-column elementor-col-33 elementor-inner-column elementor-element elementor-element-e9ec501\" data-id=\"e9ec501\" data-element_type=\"column\" data-e-type=\"column\">\n\t\t\t<div class=\"elementor-widget-wrap\">\n\t\t\t\t\t\t\t<\/div>\n\t\t<\/div>\n\t\t\t\t<div class=\"elementor-column elementor-col-33 elementor-inner-column elementor-element elementor-element-0d7d0df\" data-id=\"0d7d0df\" data-element_type=\"column\" data-e-type=\"column\">\n\t\t\t<div class=\"elementor-widget-wrap\">\n\t\t\t\t\t\t\t<\/div>\n\t\t<\/div>\n\t\t\t\t<div class=\"elementor-column elementor-col-33 elementor-inner-column elementor-element elementor-element-37a2793\" data-id=\"37a2793\" data-element_type=\"column\" data-e-type=\"column\">\n\t\t\t<div class=\"elementor-widget-wrap\">\n\t\t\t\t\t\t\t<\/div>\n\t\t<\/div>\n\t\t\t\t\t<\/div>\n\t\t<\/section>\n\t\t\t\t\t<\/div>\n\t\t<\/div>\n\t\t\t\t\t<\/div>\n\t\t<\/section>\n\t\t\t\t<section class=\"elementor-section elementor-top-section elementor-element elementor-element-4931f45 elementor-section-boxed elementor-section-height-default elementor-section-height-default\" data-id=\"4931f45\" data-element_type=\"section\" data-e-type=\"section\" data-settings=\"{&quot;_ha_eqh_enable&quot;:false}\">\n\t\t\t\t\t\t<div class=\"elementor-container elementor-column-gap-default\">\n\t\t\t\t\t<div class=\"elementor-column elementor-col-100 elementor-top-column elementor-element elementor-element-5b2e4b9\" data-id=\"5b2e4b9\" data-element_type=\"column\" data-e-type=\"column\">\n\t\t\t<div class=\"elementor-widget-wrap elementor-element-populated\">\n\t\t\t\t\t\t<div class=\"elementor-element elementor-element-fd4191a elementor-skin-carousel elementor-arrows-yes elementor-pagination-type-bullets elementor-pagination-position-outside elementor-widget elementor-widget-media-carousel\" data-id=\"fd4191a\" data-element_type=\"widget\" data-e-type=\"widget\" data-settings=\"{&quot;slides_per_view_mobile&quot;:&quot;1&quot;,&quot;skin&quot;:&quot;carousel&quot;,&quot;effect&quot;:&quot;slide&quot;,&quot;show_arrows&quot;:&quot;yes&quot;,&quot;pagination&quot;:&quot;bullets&quot;,&quot;speed&quot;:500,&quot;loop&quot;:&quot;yes&quot;,&quot;space_between&quot;:{&quot;unit&quot;:&quot;px&quot;,&quot;size&quot;:10,&quot;sizes&quot;:[]},&quot;space_between_tablet&quot;:{&quot;unit&quot;:&quot;px&quot;,&quot;size&quot;:10,&quot;sizes&quot;:[]},&quot;space_between_mobile&quot;:{&quot;unit&quot;:&quot;px&quot;,&quot;size&quot;:10,&quot;sizes&quot;:[]}}\" data-widget_type=\"media-carousel.default\">\n\t\t\t\t<div class=\"elementor-widget-container\">\n\t\t\t\t\t\t\t<div class=\"elementor-swiper\">\n\t\t\t<div class=\"elementor-main-swiper swiper-container\">\n\t\t\t\t<div class=\"swiper-wrapper\">\n\t\t\t\t\t\t\t\t\t\t\t<div class=\"swiper-slide\">\n\t\t\t\t\t\t\t<a href=\"https:\/\/hotelagape.me\/wp-content\/uploads\/2022\/03\/127747414_1296456010734646_1647645743618393410_n.jpg\" data-elementor-open-lightbox=\"yes\" data-elementor-lightbox-slideshow=\"fd4191a\" data-e-action-hash=\"#elementor-action%3Aaction%3Dlightbox%26settings%3DeyJpZCI6NDkxNSwidXJsIjoiaHR0cHM6XC9cL2hvdGVsYWdhcGUubWVcL3dwLWNvbnRlbnRcL3VwbG9hZHNcLzIwMjJcLzAzXC8xMjc3NDc0MTRfMTI5NjQ1NjAxMDczNDY0Nl8xNjQ3NjQ1NzQzNjE4MzkzNDEwX24uanBnIiwic2xpZGVzaG93IjoiZmQ0MTkxYSJ9\">\t\t<div class=\"elementor-carousel-image\" style=\"background-image: url(https:\/\/hotelagape.me\/wp-content\/uploads\/2022\/03\/127747414_1296456010734646_1647645743618393410_n.jpg)\">\n\t\t\t\t\t<\/div>\n\t\t<\/a>\t\t\t\t\t\t<\/div>\n\t\t\t\t\t\t\t\t\t\t\t<div class=\"swiper-slide\">\n\t\t\t\t\t\t\t\t\t<div class=\"elementor-carousel-image\" style=\"background-image: url(https:\/\/hotelagape.me\/wp-content\/uploads\/2022\/03\/131582728_1036640286805717_1648546631037476581_n.jpg)\">\n\t\t\t\t\t<\/div>\n\t\t\t\t\t\t\t\t<\/div>\n\t\t\t\t\t\t\t\t\t\t\t<div class=\"swiper-slide\">\n\t\t\t\t\t\t\t\t\t<div class=\"elementor-carousel-image\" style=\"background-image: url(https:\/\/hotelagape.me\/wp-content\/uploads\/2022\/03\/174878935_1674882176030235_170394420650252241_n.jpg)\">\n\t\t\t\t\t<\/div>\n\t\t\t\t\t\t\t\t<\/div>\n\t\t\t\t\t\t\t\t\t\t\t<div class=\"swiper-slide\">\n\t\t\t\t\t\t\t\t\t<div class=\"elementor-carousel-image\" style=\"background-image: url(https:\/\/hotelagape.me\/wp-content\/uploads\/2022\/03\/209531285_118516093787274_7861009476397447157_n.jpg)\">\n\t\t\t\t\t<\/div>\n\t\t\t\t\t\t\t\t<\/div>\n\t\t\t\t\t\t\t\t\t\t\t<div class=\"swiper-slide\">\n\t\t\t\t\t\t\t\t\t<div class=\"elementor-carousel-image\" style=\"background-image: url(https:\/\/hotelagape.me\/wp-content\/uploads\/2022\/03\/145205746_445547803358180_8519254090182024251_n.jpg)\">\n\t\t\t\t\t<\/div>\n\t\t\t\t\t\t\t\t<\/div>\n\t\t\t\t\t\t\t\t\t<\/div>\n\t\t\t\t\t\t\t\t\t\t\t\t\t\t\t<div class=\"swiper-pagination\"><\/div>\n\t\t\t\t\t\t\t\t\t\t\t\t\t\t\t\t<div class=\"elementor-swiper-button elementor-swiper-button-prev\">\n\t\t\t\t\t\t\t<i aria-hidden=\"true\" class=\"eicon-chevron-left\"><\/i>\t\t\t\t\t\t\t<span class=\"elementor-screen-only\">Previous<\/span>\n\t\t\t\t\t\t<\/div>\n\t\t\t\t\t\t<div class=\"elementor-swiper-button elementor-swiper-button-next\">\n\t\t\t\t\t\t\t<i aria-hidden=\"true\" class=\"eicon-chevron-right\"><\/i>\t\t\t\t\t\t\t<span class=\"elementor-screen-only\">Next<\/span>\n\t\t\t\t\t\t<\/div>\n\t\t\t\t\t\t\t\t\t\t\t\t<\/div>\n\t\t<\/div>\n\t\t\t\t\t\t<\/div>\n\t\t\t\t<\/div>\n\t\t\t\t\t<\/div>\n\t\t<\/div>\n\t\t\t\t\t<\/div>\n\t\t<\/section>\n\t\t\t\t<section class=\"elementor-section elementor-top-section elementor-element elementor-element-4c1c294 elementor-section-boxed elementor-section-height-default elementor-section-height-default\" data-id=\"4c1c294\" data-element_type=\"section\" data-e-type=\"section\" data-settings=\"{&quot;_ha_eqh_enable&quot;:false}\">\n\t\t\t\t\t\t<div class=\"elementor-container elementor-column-gap-default\">\n\t\t\t\t\t<div class=\"elementor-column elementor-col-100 elementor-top-column elementor-element elementor-element-f88ee05\" data-id=\"f88ee05\" data-element_type=\"column\" data-e-type=\"column\">\n\t\t\t<div class=\"elementor-widget-wrap elementor-element-populated\">\n\t\t\t\t\t\t<div class=\"elementor-element elementor-element-fa00861 elementor-widget elementor-widget-spacer\" data-id=\"fa00861\" data-element_type=\"widget\" data-e-type=\"widget\" data-widget_type=\"spacer.default\">\n\t\t\t\t<div class=\"elementor-widget-container\">\n\t\t\t\t\t\t\t<div class=\"elementor-spacer\">\n\t\t\t<div class=\"elementor-spacer-inner\"><\/div>\n\t\t<\/div>\n\t\t\t\t\t\t<\/div>\n\t\t\t\t<\/div>\n\t\t\t\t\t<\/div>\n\t\t<\/div>\n\t\t\t\t\t<\/div>\n\t\t<\/section>\n\t\t\t\t<\/div>\n\t\t","protected":false},"excerpt":{"rendered":"<p>\/*! elementor &#8211; v3.5.3 &#8211; 28-12-2021 *\/<br \/>\n.elementor-heading-title{padding:0;margin:0;line-height:1}.elementor-widget-heading .elementor-heading-title[class*=elementor-size-]>a{color:inherit;font-size:inherit;line-height:inherit}.elementor-widget-heading .elementor-heading-title.elementor-size-small{font-size:15px}.elementor-widget-heading .elementor-heading-title.elementor-size-medium{font-size:19px}.elementor-widget-heading .elementor-heading-title.elementor-size-large{font-size:29px}.elementor-widget-heading .elementor-heading-title.elementor-size-xl{font-size:39px}.elementor-widget-heading .elementor-heading-title.elementor-size-xxl{font-size:59px}<br \/>\nTeretana i sauna<br \/>\n\/*! elementor &#8211; v3.5.3 &#8211; 28-12-2021 *\/<br \/>\n.elementor-widget-image{text-align:center}.elementor-widget-image a{display:inline-block}.elementor-widget-image a img[src$=&#8221;.svg&#8221;]{width:48px}.elementor-widget-image img{vertical-align:middle;display:inline-block}<\/p>\n<p>Priredite sebi ugodjaj u relax sobi i sauni, prije nego se prepustite opu\u0161taju\u0107oj masa\u017ei<br \/>\nna\u0161ih terapeuta.<br \/>\nNa vama je da izaberete jednu od masa\u017ea iz <\/p>\n","protected":false},"author":2,"featured_media":0,"parent":0,"menu_order":0,"comment_status":"closed","ping_status":"closed","template":"","meta":{"footnotes":""},"class_list":["post-5235","page","type-page","status-publish","hentry"],"_links":{"self":[{"href":"https:\/\/hotelagape.me\/sr\/wp-json\/wp\/v2\/pages\/5235","targetHints":{"allow":["GET"]}}],"collection":[{"href":"https:\/\/hotelagape.me\/sr\/wp-json\/wp\/v2\/pages"}],"about":[{"href":"https:\/\/hotelagape.me\/sr\/wp-json\/wp\/v2\/types\/page"}],"author":[{"embeddable":true,"href":"https:\/\/hotelagape.me\/sr\/wp-json\/wp\/v2\/users\/2"}],"replies":[{"embeddable":true,"href":"https:\/\/hotelagape.me\/sr\/wp-json\/wp\/v2\/comments?post=5235"}],"version-history":[{"count":1,"href":"https:\/\/hotelagape.me\/sr\/wp-json\/wp\/v2\/pages\/5235\/revisions"}],"predecessor-version":[{"id":5237,"href":"https:\/\/hotelagape.me\/sr\/wp-json\/wp\/v2\/pages\/5235\/revisions\/5237"}],"wp:attachment":[{"href":"https:\/\/hotelagape.me\/sr\/wp-json\/wp\/v2\/media?parent=5235"}],"curies":[{"name":"wp","href":"https:\/\/api.w.org\/{rel}","templated":true}]}}