{"id":5239,"date":"2022-03-16T16:51:09","date_gmt":"2022-03-16T16:51:09","guid":{"rendered":"https:\/\/hotelagape.me\/plaza\/"},"modified":"2022-04-20T13:22:25","modified_gmt":"2022-04-20T13:22:25","slug":"plaza","status":"publish","type":"page","link":"https:\/\/hotelagape.me\/sr\/plaza\/","title":{"rendered":"Pla\u017ea"},"content":{"rendered":"\t\t<div data-elementor-type=\"wp-post\" data-elementor-id=\"5239\" class=\"elementor elementor-5239 elementor-4964\" data-elementor-settings=\"{&quot;ha_cmc_init_switcher&quot;:&quot;no&quot;}\">\n\t\t\t\t\t\t<section class=\"elementor-section elementor-top-section elementor-element elementor-element-1b4b211 elementor-section-stretched elementor-section-boxed elementor-section-height-default elementor-section-height-default\" data-id=\"1b4b211\" data-element_type=\"section\" data-e-type=\"section\" data-settings=\"{&quot;stretch_section&quot;:&quot;section-stretched&quot;,&quot;_ha_eqh_enable&quot;:false}\">\n\t\t\t\t\t\t<div class=\"elementor-container elementor-column-gap-default\">\n\t\t\t\t\t<div class=\"elementor-column elementor-col-100 elementor-top-column elementor-element elementor-element-1ac3e3c\" data-id=\"1ac3e3c\" data-element_type=\"column\" data-e-type=\"column\">\n\t\t\t<div class=\"elementor-widget-wrap elementor-element-populated\">\n\t\t\t\t\t\t<div class=\"elementor-element elementor-element-1d5abc3 elementor-widget elementor-widget-heading\" data-id=\"1d5abc3\" data-element_type=\"widget\" data-e-type=\"widget\" data-widget_type=\"heading.default\">\n\t\t\t\t<div class=\"elementor-widget-container\">\n\t\t\t\t\t<h2 class=\"elementor-heading-title elementor-size-default\">Pla\u017ea<\/h2>\t\t\t\t<\/div>\n\t\t\t\t<\/div>\n\t\t\t\t<div class=\"elementor-element elementor-element-0ddda87 elementor-widget elementor-widget-image\" data-id=\"0ddda87\" data-element_type=\"widget\" data-e-type=\"widget\" data-widget_type=\"image.default\">\n\t\t\t\t<div class=\"elementor-widget-container\">\n\t\t\t\t\t\t\t\t\t\t\t\t\t\t\t<img decoding=\"async\" width=\"150\" height=\"150\" src=\"https:\/\/hotelagape.me\/wp-content\/uploads\/2022\/03\/vacations-150x150.png\" class=\"attachment-thumbnail size-thumbnail wp-image-5240\" alt=\"\" srcset=\"https:\/\/hotelagape.me\/wp-content\/uploads\/2022\/03\/vacations-150x150.png 150w, https:\/\/hotelagape.me\/wp-content\/uploads\/2022\/03\/vacations-300x300.png 300w, https:\/\/hotelagape.me\/wp-content\/uploads\/2022\/03\/vacations-100x100.png 100w, https:\/\/hotelagape.me\/wp-content\/uploads\/2022\/03\/vacations.png 512w\" sizes=\"(max-width: 150px) 100vw, 150px\" \/>\t\t\t\t\t\t\t\t\t\t\t\t\t\t\t<\/div>\n\t\t\t\t<\/div>\n\t\t\t\t\t<\/div>\n\t\t<\/div>\n\t\t\t\t\t<\/div>\n\t\t<\/section>\n\t\t\t\t<section class=\"elementor-section elementor-top-section elementor-element elementor-element-18b3b4d elementor-section-boxed elementor-section-height-default elementor-section-height-default\" data-id=\"18b3b4d\" data-element_type=\"section\" data-e-type=\"section\" data-settings=\"{&quot;_ha_eqh_enable&quot;:false}\">\n\t\t\t\t\t\t<div class=\"elementor-container elementor-column-gap-default\">\n\t\t\t\t\t<div class=\"elementor-column elementor-col-100 elementor-top-column elementor-element elementor-element-bb22f74\" data-id=\"bb22f74\" data-element_type=\"column\" data-e-type=\"column\">\n\t\t\t<div class=\"elementor-widget-wrap elementor-element-populated\">\n\t\t\t\t\t\t<div class=\"elementor-element elementor-element-830e2f3 elementor-widget elementor-widget-text-editor\" data-id=\"830e2f3\" data-element_type=\"widget\" data-e-type=\"widget\" data-widget_type=\"text-editor.default\">\n\t\t\t\t<div class=\"elementor-widget-container\">\n\t\t\t\t\t\t\t\t\t<p>Gosti hotela mogu besplatno koristiti pla\u017eni mobilijar, zavisno od raspolo\u017eivosti, na<br \/>\u201eKraljevskoj pla\u017ei\u201c koja se nalazi na udaljenosti od 500 m.Do pla\u017ee hotel obezbjedjuje besplatan prevoz.<br \/>U sklopu pla\u017ee nalazi se i pla\u017eni restoran gdje se gosti mogu osvje\u017eiti uz omiljeno pi\u0107e ili koktel i probati najraznovrsnija jela mediteranske kuhinje.<br \/>Bez obzira da li birate predah od sunca i u\u017eivate u nekom od ukusnih jela sa na\u0161eg menija,<br \/>ili jednostavno uz \u010da\u0161u vrhunskog vina posmatrate nezaboravan zalazak sunca, osje\u0107aj zadovoljstva ne\u0107e izostati.<\/p>\t\t\t\t\t\t\t\t<\/div>\n\t\t\t\t<\/div>\n\t\t\t\t\t<\/div>\n\t\t<\/div>\n\t\t\t\t\t<\/div>\n\t\t<\/section>\n\t\t\t\t<section class=\"elementor-section elementor-top-section elementor-element elementor-element-0cc254e elementor-section-full_width elementor-section-height-default elementor-section-height-default\" data-id=\"0cc254e\" data-element_type=\"section\" data-e-type=\"section\" data-settings=\"{&quot;_ha_eqh_enable&quot;:false}\">\n\t\t\t\t\t\t<div class=\"elementor-container elementor-column-gap-default\">\n\t\t\t\t\t<div class=\"elementor-column elementor-col-100 elementor-top-column elementor-element elementor-element-45d713f\" data-id=\"45d713f\" data-element_type=\"column\" data-e-type=\"column\">\n\t\t\t<div class=\"elementor-widget-wrap elementor-element-populated\">\n\t\t\t\t\t\t<div class=\"elementor-element elementor-element-8acee25 elementor-widget elementor-widget-image\" data-id=\"8acee25\" data-element_type=\"widget\" data-e-type=\"widget\" data-widget_type=\"image.default\">\n\t\t\t\t<div class=\"elementor-widget-container\">\n\t\t\t\t\t\t\t\t\t\t\t\t\t\t\t\t<a href=\"https:\/\/hotelagape.me\/wp-content\/uploads\/2022\/03\/plaza.jpg\" data-elementor-open-lightbox=\"yes\" data-e-action-hash=\"#elementor-action%3Aaction%3Dlightbox%26settings%3DeyJpZCI6NDk2OCwidXJsIjoiaHR0cHM6XC9cL2hvdGVsYWdhcGUubWVcL3dwLWNvbnRlbnRcL3VwbG9hZHNcLzIwMjJcLzAzXC9wbGF6YS5qcGcifQ%3D%3D\">\n\t\t\t\t\t\t\t<img fetchpriority=\"high\" decoding=\"async\" width=\"1900\" height=\"1100\" src=\"https:\/\/hotelagape.me\/wp-content\/uploads\/2022\/03\/plaza.jpg\" class=\"attachment-full size-full wp-image-4968\" alt=\"\" srcset=\"https:\/\/hotelagape.me\/wp-content\/uploads\/2022\/03\/plaza.jpg 1900w, https:\/\/hotelagape.me\/wp-content\/uploads\/2022\/03\/plaza-300x174.jpg 300w, https:\/\/hotelagape.me\/wp-content\/uploads\/2022\/03\/plaza-1024x593.jpg 1024w, https:\/\/hotelagape.me\/wp-content\/uploads\/2022\/03\/plaza-768x445.jpg 768w, https:\/\/hotelagape.me\/wp-content\/uploads\/2022\/03\/plaza-1536x889.jpg 1536w, https:\/\/hotelagape.me\/wp-content\/uploads\/2022\/03\/plaza-600x347.jpg 600w\" sizes=\"(max-width: 1900px) 100vw, 1900px\" \/>\t\t\t\t\t\t\t\t<\/a>\n\t\t\t\t\t\t\t\t\t\t\t\t\t\t\t<\/div>\n\t\t\t\t<\/div>\n\t\t\t\t\t<\/div>\n\t\t<\/div>\n\t\t\t\t\t<\/div>\n\t\t<\/section>\n\t\t\t\t<section class=\"elementor-section elementor-top-section elementor-element elementor-element-4c1c294 elementor-section-boxed elementor-section-height-default elementor-section-height-default\" data-id=\"4c1c294\" data-element_type=\"section\" data-e-type=\"section\" data-settings=\"{&quot;_ha_eqh_enable&quot;:false}\">\n\t\t\t\t\t\t<div class=\"elementor-container elementor-column-gap-default\">\n\t\t\t\t\t<div class=\"elementor-column elementor-col-100 elementor-top-column elementor-element elementor-element-f88ee05\" data-id=\"f88ee05\" data-element_type=\"column\" data-e-type=\"column\">\n\t\t\t<div class=\"elementor-widget-wrap elementor-element-populated\">\n\t\t\t\t\t\t<div class=\"elementor-element elementor-element-fa00861 elementor-widget elementor-widget-spacer\" data-id=\"fa00861\" data-element_type=\"widget\" data-e-type=\"widget\" data-widget_type=\"spacer.default\">\n\t\t\t\t<div class=\"elementor-widget-container\">\n\t\t\t\t\t\t\t<div class=\"elementor-spacer\">\n\t\t\t<div class=\"elementor-spacer-inner\"><\/div>\n\t\t<\/div>\n\t\t\t\t\t\t<\/div>\n\t\t\t\t<\/div>\n\t\t\t\t\t<\/div>\n\t\t<\/div>\n\t\t\t\t\t<\/div>\n\t\t<\/section>\n\t\t\t\t<\/div>\n\t\t","protected":false},"excerpt":{"rendered":"<p>\/*! elementor &#8211; v3.5.3 &#8211; 28-12-2021 *\/.elementor-heading-title{padding:0;margin:0;line-height:1}.elementor-widget-heading .elementor-heading-title[class*=elementor-size-]>a{color:inherit;font-size:inherit;line-height:inherit}.elementor-widget-heading .elementor-heading-title.elementor-size-small{font-size:15px}.elementor-widget-heading .elementor-heading-title.elementor-size-medium{font-size:19px}.elementor-widget-heading .elementor-heading-title.elementor-size-large{font-size:29px}.elementor-widget-heading .elementor-heading-title.elementor-size-xl{font-size:39px}.elementor-widget-heading .elementor-heading-title.elementor-size-xxl{font-size:59px}<br \/>\nPla\u017ea<br \/>\n\/*! elementor &#8211; v3.5.3 &#8211; 28-12-2021 *\/.elementor-widget-image{text-align:center}.elementor-widget-image a{display:inline-block}.elementor-widget-image a img[src$=&#8221;.svg&#8221;]{width:48px}.elementor-widget-image img{vertical-align:middle;display:inline-block}<\/p>\n<p>Gosti hotela mogu besplatno koristiti pla\u017eni mobilijar, zavisno od raspolo\u017eivosti, na<br \/>\n\u201eKraljevskoj pla\u017ei\u201c koja se nalazi na udaljenosti od 500 m.Do pla\u017ee hotel obezbjedjuje besplatan prevoz.<br \/>\nU sklopu pla\u017ee <\/p>\n","protected":false},"author":2,"featured_media":0,"parent":0,"menu_order":0,"comment_status":"closed","ping_status":"closed","template":"","meta":{"footnotes":""},"class_list":["post-5239","page","type-page","status-publish","hentry"],"_links":{"self":[{"href":"https:\/\/hotelagape.me\/sr\/wp-json\/wp\/v2\/pages\/5239","targetHints":{"allow":["GET"]}}],"collection":[{"href":"https:\/\/hotelagape.me\/sr\/wp-json\/wp\/v2\/pages"}],"about":[{"href":"https:\/\/hotelagape.me\/sr\/wp-json\/wp\/v2\/types\/page"}],"author":[{"embeddable":true,"href":"https:\/\/hotelagape.me\/sr\/wp-json\/wp\/v2\/users\/2"}],"replies":[{"embeddable":true,"href":"https:\/\/hotelagape.me\/sr\/wp-json\/wp\/v2\/comments?post=5239"}],"version-history":[{"count":1,"href":"https:\/\/hotelagape.me\/sr\/wp-json\/wp\/v2\/pages\/5239\/revisions"}],"predecessor-version":[{"id":5241,"href":"https:\/\/hotelagape.me\/sr\/wp-json\/wp\/v2\/pages\/5239\/revisions\/5241"}],"wp:attachment":[{"href":"https:\/\/hotelagape.me\/sr\/wp-json\/wp\/v2\/media?parent=5239"}],"curies":[{"name":"wp","href":"https:\/\/api.w.org\/{rel}","templated":true}]}}